{"id":35042,"date":"2019-08-06T10:53:44","date_gmt":"2019-08-06T10:53:44","guid":{"rendered":"https:\/\/main.wprentals.org\/?page_id=35042"},"modified":"2021-06-19T21:13:28","modified_gmt":"2021-06-19T19:13:28","slug":"gdpr-terms-and-conditions","status":"publish","type":"page","link":"https:\/\/www.sicilyin.com\/?page_id=35042","title":{"rendered":"Termini e condizioni"},"content":{"rendered":"<p>Il Sito \u00e8 di titolarit\u00e0 della SicilyIn Srls. Il Sito ha finalit\u00e0 informative e di commercio elettronico. Effettuando l\u2019accesso o utilizzando i servizi presenti sul Sito l\u2019utente accetta i presenti Termini di utilizzo. Nel caso di mancata accettazione deve astenersi dall\u2019utilizzare il Sito.<\/p>\n<p><b>Propriet\u00e0 industriale ed intellettuale.<\/b><\/p>\n<p>SicilyIn \u00e8 il titolare esclusivo dei contenuti del Sito, ivi compresi a titolo esemplificativo e non esaustivo i testi, i documenti, le immagini, i loghi, le fotografie, il layout delle pagine, il design, il know-how ed i prodotti offerti in vendita; alcuni dei predetti contenuti possono essere coperti da copyright, marchi, brevetti, modelli e\/o altri diritti di propriet\u00e0 industriale ed intellettuale riconosciuti dall\u2019ordinamento italiano ed internazionale. Nessun contenuto del Sito pu\u00f2 essere considerato o interpretato come concesso in licenza da SicilyIn o come oggetto di qualsivoglia altro diritto di utilizzo da parte degli utenti e\/o di soggetti terzi.<\/p>\n<p><b>Uso del Sito.<\/b><\/p>\n<p>Gli utenti sono autorizzati a scaricare, visualizzare o stampare contenuti del Sito per scopi esclusivamente personali e di natura non commerciale, con modalit\u00e0 tali da non arrecare alcun pregiudizio ai diritti di propriet\u00e0 industriale ed intellettuale di SicilyIn . I contenuti del Sito non potranno in nessun caso essere utilizzati per scopi diversi, ivi compresi, a titolo esemplificativo e non esaustivo, la loro distribuzione, modifica, riproduzione, trasmissione o diffusione, senza il preventivo consenso scritto da parte di SicilyIn<\/p>\n<p><b>Esclusione di responsabilit\u00e0.<\/b><\/p>\n<p>Gli utenti accedono al Sito autonomamente ed a loro esclusivo rischio fermo restando che SicilyIn declina qualsiasi responsabilit\u00e0 rispetto a qualsivoglia danno o pregiudizio patito in qualsiasi modo dagli utenti in conseguenza dell\u2019accesso e dell\u2019utilizzo o del download di qualsivoglia materiale a qualsiasi titolo presente sul Sito, ivi compresi virus, malware o altri contenuti elettronici malevoli. presente sul Sito, ivi compresi virus, malware o altri contenuti elettronici malevoli.<\/p>\n<p>SicilyIn si riserva la facolt\u00e0 di interrompere o sospendere qualsiasi servizio reso attraverso il Sito, in qualsiasi momento e senza assumere alcuna responsabilit\u00e0 o impegno di qualsiasi natura in relazione a predetta sospensione o interruzione dei servizi resi tramite il Sito derivanti da azioni o omissioni di <b>Esclusione di responsabilit\u00e0.<\/b><\/p>\n<p>SicilyIn non risponde dei contenuti di qualsiasi altro sito web che dovesse essere reso accessibile mediante link o collegamento multimediale presente nel Sito, fermo restando che detti collegamenti vengono forniti solamente al fine di consentire agli utenti di accedere ad informazioni pi\u00f9 complete. Gli utenti non sono autorizzati a creare link e collegamenti al Sito senza il preventivo consenso scritto da parte di SicilyIn.<\/p>\n","protected":false},"excerpt":{"rendered":"<p>Il Sito \u00e8 di titolarit\u00e0 della SicilyIn Srls. Il Sito ha finalit\u00e0 informative e di commercio elettronico. Effettuando l\u2019accesso o utilizzando i servizi presenti sul Sito l\u2019utente accetta i presenti Termini di utilizzo. Nel caso di mancata accettazione deve astenersi dall\u2019utilizzare il Sito. Propriet\u00e0 industriale ed intellettuale. SicilyIn \u00e8 il titolare esclusivo dei contenuti del &#8230;<\/p>\n","protected":false},"author":1,"featured_media":0,"parent":0,"menu_order":0,"comment_status":"closed","ping_status":"closed","template":"gdpr_terms.php","meta":{"_monsterinsights_skip_tracking":false,"_monsterinsights_sitenote_active":false,"_monsterinsights_sitenote_note":"","_monsterinsights_sitenote_category":0,"footnotes":""},"class_list":["post-35042","page","type-page","status-publish","hentry"],"_links":{"self":[{"href":"https:\/\/www.sicilyin.com\/index.php?rest_route=\/wp\/v2\/pages\/35042","targetHints":{"allow":["GET"]}}],"collection":[{"href":"https:\/\/www.sicilyin.com\/index.php?rest_route=\/wp\/v2\/pages"}],"about":[{"href":"https:\/\/www.sicilyin.com\/index.php?rest_route=\/wp\/v2\/types\/page"}],"author":[{"embeddable":true,"href":"https:\/\/www.sicilyin.com\/index.php?rest_route=\/wp\/v2\/users\/1"}],"replies":[{"embeddable":true,"href":"https:\/\/www.sicilyin.com\/index.php?rest_route=%2Fwp%2Fv2%2Fcomments&post=35042"}],"version-history":[{"count":2,"href":"https:\/\/www.sicilyin.com\/index.php?rest_route=\/wp\/v2\/pages\/35042\/revisions"}],"predecessor-version":[{"id":35781,"href":"https:\/\/www.sicilyin.com\/index.php?rest_route=\/wp\/v2\/pages\/35042\/revisions\/35781"}],"wp:attachment":[{"href":"https:\/\/www.sicilyin.com\/index.php?rest_route=%2Fwp%2Fv2%2Fmedia&parent=35042"}],"curies":[{"name":"wp","href":"https:\/\/api.w.org\/{rel}","templated":true}]}}